




{"id":297,"date":"2018-04-04T14:12:53","date_gmt":"2018-04-04T12:12:53","guid":{"rendered":"http:\/\/lev.nbpaweb.com\/?page_id=297"},"modified":"2026-03-12T09:08:01","modified_gmt":"2026-03-12T08:08:01","slug":"seances","status":"publish","type":"page","link":"https:\/\/loisirseauxvives.fr\/en\/seances\/","title":{"rendered":"S\u00e9ances"},"content":{"rendered":"","protected":false},"excerpt":{"rendered":"","protected":false},"author":1,"featured_media":0,"parent":0,"menu_order":0,"comment_status":"closed","ping_status":"closed","template":"page-seance.php","meta":{"footnotes":""},"yoast_head":"<!-- This site is optimized with the Yoast SEO plugin v16.5 - https:\/\/yoast.com\/wordpress\/plugins\/seo\/ -->\n<title>S\u00e9ances en piscine et sur la Loire - Loisirs Eaux vives Beaugency<\/title>\n<meta name=\"description\" content=\"Le lundi soir s\u00e9ance de canoe kayak \u00e0 la piscine de beaugency. Planning des s\u00e9ances du samedi apr\u00e8s midi de canoe kayak sur la loire et sur le cher.\" \/>\n<meta name=\"robots\" content=\"index, follow, max-snippet:-1, max-image-preview:large, max-video-preview:-1\" \/>\n<link rel=\"canonical\" href=\"https:\/\/loisirseauxvives.fr\/en\/seances\/\" \/>\n<meta property=\"og:locale\" content=\"en_US\" \/>\n<meta property=\"og:type\" content=\"article\" \/>\n<meta property=\"og:title\" content=\"S\u00e9ances en piscine et sur la Loire - Loisirs Eaux vives Beaugency\" \/>\n<meta property=\"og:description\" content=\"Le lundi soir s\u00e9ance de canoe kayak \u00e0 la piscine de beaugency. Planning des s\u00e9ances du samedi apr\u00e8s midi de canoe kayak sur la loire et sur le cher.\" \/>\n<meta property=\"og:url\" content=\"https:\/\/loisirseauxvives.fr\/en\/seances\/\" \/>\n<meta property=\"og:site_name\" content=\"Loisirs Eaux vives Beaugency\" \/>\n<meta property=\"article:modified_time\" content=\"2026-03-12T08:08:01+00:00\" \/>\n<meta name=\"twitter:card\" content=\"summary_large_image\" \/>\n<script type=\"application\/ld+json\" class=\"yoast-schema-graph\">{\"@context\":\"https:\/\/schema.org\",\"@graph\":[{\"@type\":\"Organization\",\"@id\":\"https:\/\/loisirseauxvives.fr\/#organization\",\"name\":\"Loisirs Eaux Vives Beaugency\",\"url\":\"https:\/\/loisirseauxvives.fr\/\",\"sameAs\":[],\"logo\":{\"@type\":\"ImageObject\",\"@id\":\"https:\/\/loisirseauxvives.fr\/#logo\",\"inLanguage\":\"en-US\",\"url\":\"https:\/\/loisirseauxvives.fr\/wp-content\/uploads\/2018\/04\/logo-2.png\",\"contentUrl\":\"https:\/\/loisirseauxvives.fr\/wp-content\/uploads\/2018\/04\/logo-2.png\",\"width\":147,\"height\":144,\"caption\":\"Loisirs Eaux Vives Beaugency\"},\"image\":{\"@id\":\"https:\/\/loisirseauxvives.fr\/#logo\"}},{\"@type\":\"WebSite\",\"@id\":\"https:\/\/loisirseauxvives.fr\/#website\",\"url\":\"https:\/\/loisirseauxvives.fr\/\",\"name\":\"Loisirs Eaux vives Beaugency\",\"description\":\"Association club sportif et location\",\"publisher\":{\"@id\":\"https:\/\/loisirseauxvives.fr\/#organization\"},\"potentialAction\":[{\"@type\":\"SearchAction\",\"target\":\"https:\/\/loisirseauxvives.fr\/?s={search_term_string}\",\"query-input\":\"required name=search_term_string\"}],\"inLanguage\":\"en-US\"},{\"@type\":\"WebPage\",\"@id\":\"https:\/\/loisirseauxvives.fr\/en\/seances\/#webpage\",\"url\":\"https:\/\/loisirseauxvives.fr\/en\/seances\/\",\"name\":\"S\\u00e9ances en piscine et sur la Loire - Loisirs Eaux vives Beaugency\",\"isPartOf\":{\"@id\":\"https:\/\/loisirseauxvives.fr\/#website\"},\"datePublished\":\"2018-04-04T12:12:53+00:00\",\"dateModified\":\"2026-03-12T08:08:01+00:00\",\"description\":\"Le lundi soir s\\u00e9ance de canoe kayak \\u00e0 la piscine de beaugency. Planning des s\\u00e9ances du samedi apr\\u00e8s midi de canoe kayak sur la loire et sur le cher.\",\"breadcrumb\":{\"@id\":\"https:\/\/loisirseauxvives.fr\/en\/seances\/#breadcrumb\"},\"inLanguage\":\"en-US\",\"potentialAction\":[{\"@type\":\"ReadAction\",\"target\":[\"https:\/\/loisirseauxvives.fr\/en\/seances\/\"]}]},{\"@type\":\"BreadcrumbList\",\"@id\":\"https:\/\/loisirseauxvives.fr\/en\/seances\/#breadcrumb\",\"itemListElement\":[{\"@type\":\"ListItem\",\"position\":1,\"name\":\"Accueil\",\"item\":\"https:\/\/loisirseauxvives.fr\/en\/\"},{\"@type\":\"ListItem\",\"position\":2,\"name\":\"S\\u00e9ances\"}]}]}<\/script>\n<!-- \/ Yoast SEO plugin. -->","_links":{"self":[{"href":"https:\/\/loisirseauxvives.fr\/en\/wp-json\/wp\/v2\/pages\/297\/"}],"collection":[{"href":"https:\/\/loisirseauxvives.fr\/en\/wp-json\/wp\/v2\/pages\/"}],"about":[{"href":"https:\/\/loisirseauxvives.fr\/en\/wp-json\/wp\/v2\/types\/page\/"}],"author":[{"embeddable":true,"href":"https:\/\/loisirseauxvives.fr\/en\/wp-json\/wp\/v2\/users\/1\/"}],"replies":[{"embeddable":true,"href":"https:\/\/loisirseauxvives.fr\/en\/wp-json\/wp\/v2\/comments\/?post=297"}],"version-history":[{"count":245,"href":"https:\/\/loisirseauxvives.fr\/en\/wp-json\/wp\/v2\/pages\/297\/revisions\/"}],"predecessor-version":[{"id":1188,"href":"https:\/\/loisirseauxvives.fr\/en\/wp-json\/wp\/v2\/pages\/297\/revisions\/1188\/"}],"wp:attachment":[{"href":"https:\/\/loisirseauxvives.fr\/en\/wp-json\/wp\/v2\/media\/?parent=297"}],"curies":[{"name":"wp","href":"https:\/\/api.w.org\/{rel}","templated":true}]}}