




{"id":285,"date":"2018-10-02T11:02:11","date_gmt":"2018-10-02T09:02:11","guid":{"rendered":"http:\/\/lev.nbpaweb.com\/?page_id=285"},"modified":"2018-10-02T11:02:11","modified_gmt":"2018-10-02T09:02:11","slug":"code-du-pratiquant","status":"publish","type":"page","link":"https:\/\/loisirseauxvives.fr\/en\/code-du-pratiquant\/","title":{"rendered":"Code du pratiquant"},"content":{"rendered":"<h2 style=\"text-align: left;\">Le code du pratiquant<\/h2>\n<div class=\"clearfix\" style=\"text-align: left;\">\n<p>Ce code rappelle les principes de base \u00e0 suivre dans le respect des valeurs f\u00e9d\u00e9rales.<br \/>\nIl souligne les comportements \u00e0 adopter lors de chaque sortie en cano\u00eb-kayak et plus particuli\u00e8rement ceux li\u00e9s \u00e0 la s\u00e9curit\u00e9 et au respect de l\u2019environnement naturel.<br \/>\n<\/br><br \/>\n<\/br><\/p>\n<p><strong>Je me pr\u00e9pare<\/strong><\/p>\n<ul>\n<li>\u2022 Je suis en bonne forme physique<\/li>\n<li>\u2022 Je v\u00e9rifie que j\u2019ai une assurance qui couvre ma pratique<\/li>\n<li>\u2022 Je consulte la m\u00e9t\u00e9o avant de partir<\/li>\n<li>\u2022 Je m\u2019informe du niveau de difficult\u00e9, des \u00e9ventuels dangers et des d\u00e9lais pr\u00e9vus pour r\u00e9aliser un parcours<\/li>\n<li>\u2022 Je m\u2019informe et respecte la signalisation en eau vive, en eau calme et en mer<\/li>\n<li>\u2022 Je connais et prends conseils aupr\u00e8s des structures membres de la F\u00e9d\u00e9ration<\/li>\n<\/ul>\n<p><strong>Je m\u2019\u00e9quipe<\/strong><\/p>\n<ul>\n<li>\u2022 Je choisis un bateau adapt\u00e9 \u00e0 ma taille, \u00e0 ma technique et au parcours que je souhaite r\u00e9aliser<\/li>\n<li>\u2022 J\u2019utilise un gilet et un casque aux normes, ajust\u00e9s \u00e0 ma taille<\/li>\n<li>\u2022 J&#8217;adapte ma tenue vestimentaire aux conditions climatiques et \u00e0 la dur\u00e9e de la sortie<\/li>\n<li>\u2022 Avant de partir, je pr\u00e9viens une personne du lieu et des horaires pr\u00e9vus de navigation<\/li>\n<\/ul>\n<p><strong>Je navigue<\/strong><\/p>\n<ul>\n<li>\u2022 Je ne navigue jamais seul, sauf conditions particuli\u00e8res d\u00e9finies par ma structure<\/li>\n<li>\u2022 Je choisis un parcours adapt\u00e9 \u00e0 mes capacit\u00e9s, \u00e0 celles du groupe et aux conditions de navigation<\/li>\n<li>\u2022 Je connais les codes de communication sur l\u2019eau<\/li>\n<li>\u2022 Je suis tr\u00e8s vigilant \u00e0 l\u2019approche des obstacles artificiels<\/li>\n<li>\u2022 J\u2019adh\u00e8re au principe de fair-play<\/li>\n<li>\u2022 Je porte assistance \u00e0 toute personne pouvant se trouver en difficult\u00e9<\/li>\n<\/ul>\n<p><strong>Je respecte mon environnement naturel<\/strong><\/p>\n<ul>\n<li>\u2022 Je ne laisse pas de trace de mon passage sur terre et dans l\u2019eau<\/li>\n<li>\u2022 Je respecte les zones sensibles terrestres et aquatiques (haltes migratoires, lieux de nidification, fray\u00e8res)<\/li>\n<li>\u2022 J\u2019appelle le r\u00e9seau d\u2019alerte pour la nature quand j\u2019ai rep\u00e9r\u00e9 une nuisance (d\u00e9charges sauvages, dangers, entraves \u00e0 la navigation, pollutions\u2026) T\u00e9l.\u00a0: 01 48 89 29 12<\/li>\n<li>\u2022 Je participe aux journ\u00e9es patrimoine nautique (nettoyage de sites\u2026)<\/li>\n<\/ul>\n<p><strong>Je cohabite avec les autres usagers<\/strong><\/p>\n<ul>\n<li>\u2022 Je suis attentif et respectueux de la vie locale<\/li>\n<li>\u2022 Je pratique une activit\u00e9 dans le respect mutuel des autres usagers<\/li>\n<li>\u2022 Je respecte l&#8217;activit\u00e9 des p\u00eacheurs et je ne navigue pas les week-ends nationaux d&#8217;ouverture et de fermeture de la p\u00eache<\/li>\n<li>\u2022 Je respecte les r\u00e8glements de navigation et les r\u00e8gles d\u2019acc\u00e8s en vigueur<\/li>\n<li>\u2022 J\u2019utilise les embarquements et les d\u00e9barquements pr\u00e9vus \u00e0 cet effet<\/li>\n<\/ul>\n<p><strong>Je respecte ma sant\u00e9<\/strong><\/p>\n<ul>\n<li>\u2022 Je connais mes limites<\/li>\n<li>\u2022 Je n\u2019utilise pas de produits dopants<\/li>\n<li>\u2022 Je suis attentif \u00e0 la qualit\u00e9 de l\u2019eau sur laquelle je navigue<\/li>\n<\/ul>\n<p><strong><u>Toutes ces conditions vous permettront de naviguer dans de bonnes conditions. Alors \u00e0 vos pagaies!<\/u><\/strong><\/p>\n<\/div>\n<p><\/br><\/p>\n","protected":false},"excerpt":{"rendered":"<p>Le code du pratiquant Ce code rappelle les principes de base \u00e0 suivre dans le respect des valeurs f\u00e9d\u00e9rales. Il souligne les comportements \u00e0 adopter lors de chaque sortie en cano\u00eb-kayak et plus particuli\u00e8rement ceux li\u00e9s \u00e0 la s\u00e9curit\u00e9 et au respect de l\u2019environnement naturel. Je me pr\u00e9pare \u2022 Je suis en bonne forme physique [&hellip;]<\/p>\n","protected":false},"author":1,"featured_media":0,"parent":0,"menu_order":0,"comment_status":"closed","ping_status":"closed","template":"page-mentionslegales.php","meta":{"footnotes":""},"yoast_head":"<!-- This site is optimized with the Yoast SEO plugin v16.5 - https:\/\/yoast.com\/wordpress\/plugins\/seo\/ -->\n<title>Code du pratiquant - Loisirs Eaux vives Beaugency<\/title>\n<meta name=\"robots\" content=\"index, follow, max-snippet:-1, max-image-preview:large, max-video-preview:-1\" \/>\n<link rel=\"canonical\" href=\"https:\/\/loisirseauxvives.fr\/en\/code-du-pratiquant\/\" \/>\n<meta property=\"og:locale\" content=\"en_US\" \/>\n<meta property=\"og:type\" content=\"article\" \/>\n<meta property=\"og:title\" content=\"Code du pratiquant - Loisirs Eaux vives Beaugency\" \/>\n<meta property=\"og:description\" content=\"Le code du pratiquant Ce code rappelle les principes de base \u00e0 suivre dans le respect des valeurs f\u00e9d\u00e9rales. Il souligne les comportements \u00e0 adopter lors de chaque sortie en cano\u00eb-kayak et plus particuli\u00e8rement ceux li\u00e9s \u00e0 la s\u00e9curit\u00e9 et au respect de l\u2019environnement naturel. Je me pr\u00e9pare \u2022 Je suis en bonne forme physique [&hellip;]\" \/>\n<meta property=\"og:url\" content=\"https:\/\/loisirseauxvives.fr\/en\/code-du-pratiquant\/\" \/>\n<meta property=\"og:site_name\" content=\"Loisirs Eaux vives Beaugency\" \/>\n<meta name=\"twitter:card\" content=\"summary_large_image\" \/>\n<meta name=\"twitter:label1\" content=\"Est. reading time\" \/>\n\t<meta name=\"twitter:data1\" content=\"2 minutes\" \/>\n<script type=\"application\/ld+json\" class=\"yoast-schema-graph\">{\"@context\":\"https:\/\/schema.org\",\"@graph\":[{\"@type\":\"Organization\",\"@id\":\"https:\/\/loisirseauxvives.fr\/#organization\",\"name\":\"Loisirs Eaux Vives Beaugency\",\"url\":\"https:\/\/loisirseauxvives.fr\/\",\"sameAs\":[],\"logo\":{\"@type\":\"ImageObject\",\"@id\":\"https:\/\/loisirseauxvives.fr\/#logo\",\"inLanguage\":\"en-US\",\"url\":\"https:\/\/loisirseauxvives.fr\/wp-content\/uploads\/2018\/04\/logo-2.png\",\"contentUrl\":\"https:\/\/loisirseauxvives.fr\/wp-content\/uploads\/2018\/04\/logo-2.png\",\"width\":147,\"height\":144,\"caption\":\"Loisirs Eaux Vives Beaugency\"},\"image\":{\"@id\":\"https:\/\/loisirseauxvives.fr\/#logo\"}},{\"@type\":\"WebSite\",\"@id\":\"https:\/\/loisirseauxvives.fr\/#website\",\"url\":\"https:\/\/loisirseauxvives.fr\/\",\"name\":\"Loisirs Eaux vives Beaugency\",\"description\":\"Association club sportif et location\",\"publisher\":{\"@id\":\"https:\/\/loisirseauxvives.fr\/#organization\"},\"potentialAction\":[{\"@type\":\"SearchAction\",\"target\":\"https:\/\/loisirseauxvives.fr\/?s={search_term_string}\",\"query-input\":\"required name=search_term_string\"}],\"inLanguage\":\"en-US\"},{\"@type\":\"WebPage\",\"@id\":\"https:\/\/loisirseauxvives.fr\/en\/code-du-pratiquant\/#webpage\",\"url\":\"https:\/\/loisirseauxvives.fr\/en\/code-du-pratiquant\/\",\"name\":\"Code du pratiquant - Loisirs Eaux vives Beaugency\",\"isPartOf\":{\"@id\":\"https:\/\/loisirseauxvives.fr\/#website\"},\"datePublished\":\"2018-10-02T09:02:11+00:00\",\"dateModified\":\"2018-10-02T09:02:11+00:00\",\"breadcrumb\":{\"@id\":\"https:\/\/loisirseauxvives.fr\/en\/code-du-pratiquant\/#breadcrumb\"},\"inLanguage\":\"en-US\",\"potentialAction\":[{\"@type\":\"ReadAction\",\"target\":[\"https:\/\/loisirseauxvives.fr\/en\/code-du-pratiquant\/\"]}]},{\"@type\":\"BreadcrumbList\",\"@id\":\"https:\/\/loisirseauxvives.fr\/en\/code-du-pratiquant\/#breadcrumb\",\"itemListElement\":[{\"@type\":\"ListItem\",\"position\":1,\"name\":\"Accueil\",\"item\":\"https:\/\/loisirseauxvives.fr\/en\/\"},{\"@type\":\"ListItem\",\"position\":2,\"name\":\"Code du pratiquant\"}]}]}<\/script>\n<!-- \/ Yoast SEO plugin. -->","_links":{"self":[{"href":"https:\/\/loisirseauxvives.fr\/en\/wp-json\/wp\/v2\/pages\/285\/"}],"collection":[{"href":"https:\/\/loisirseauxvives.fr\/en\/wp-json\/wp\/v2\/pages\/"}],"about":[{"href":"https:\/\/loisirseauxvives.fr\/en\/wp-json\/wp\/v2\/types\/page\/"}],"author":[{"embeddable":true,"href":"https:\/\/loisirseauxvives.fr\/en\/wp-json\/wp\/v2\/users\/1\/"}],"replies":[{"embeddable":true,"href":"https:\/\/loisirseauxvives.fr\/en\/wp-json\/wp\/v2\/comments\/?post=285"}],"version-history":[{"count":1,"href":"https:\/\/loisirseauxvives.fr\/en\/wp-json\/wp\/v2\/pages\/285\/revisions\/"}],"predecessor-version":[{"id":286,"href":"https:\/\/loisirseauxvives.fr\/en\/wp-json\/wp\/v2\/pages\/285\/revisions\/286\/"}],"wp:attachment":[{"href":"https:\/\/loisirseauxvives.fr\/en\/wp-json\/wp\/v2\/media\/?parent=285"}],"curies":[{"name":"wp","href":"https:\/\/api.w.org\/{rel}","templated":true}]}}