




{"id":282,"date":"2018-04-04T16:38:13","date_gmt":"2018-04-04T14:38:13","guid":{"rendered":"http:\/\/lev.nbpaweb.com\/?page_id=282"},"modified":"2020-07-17T21:10:35","modified_gmt":"2020-07-17T19:10:35","slug":"club-de-canoe-kayak-et-locations","status":"publish","type":"page","link":"https:\/\/loisirseauxvives.fr\/en\/","title":{"rendered":"Club de Cano\u00eb Kayak and rentals"},"content":{"rendered":"","protected":false},"excerpt":{"rendered":"","protected":false},"author":1,"featured_media":460,"parent":0,"menu_order":0,"comment_status":"closed","ping_status":"closed","template":"page-accueil.php","meta":{"footnotes":""},"yoast_head":"<!-- This site is optimized with the Yoast SEO plugin v16.5 - https:\/\/yoast.com\/wordpress\/plugins\/seo\/ -->\n<title>Club de Cano\u00eb Kayak and rentals - Loisirs Eaux vives Beaugency<\/title>\n<meta name=\"description\" content=\"Loisir Eaux Vives Beaugency est un Club de Cano\u00eb Kayak affili\u00e9 F\u00e9d\u00e9ration fran\u00e7aise de Cano\u00eb Kayak et qui propose de la location de Cano\u00eb et kayak sur la Loire entre Orl\u00e9ans et Blois \u00e0 Beaugency\" \/>\n<meta name=\"robots\" content=\"index, follow, max-snippet:-1, max-image-preview:large, max-video-preview:-1\" \/>\n<link rel=\"canonical\" href=\"https:\/\/loisirseauxvives.fr\/en\/\" \/>\n<meta property=\"og:locale\" content=\"en_US\" \/>\n<meta property=\"og:type\" content=\"article\" \/>\n<meta property=\"og:title\" content=\"Club de Cano\u00eb Kayak and rentals - Loisirs Eaux vives Beaugency\" \/>\n<meta property=\"og:description\" content=\"Loisir Eaux Vives Beaugency est un Club de Cano\u00eb Kayak affili\u00e9 F\u00e9d\u00e9ration fran\u00e7aise de Cano\u00eb Kayak et qui propose de la location de Cano\u00eb et kayak sur la Loire entre Orl\u00e9ans et Blois \u00e0 Beaugency\" \/>\n<meta property=\"og:url\" content=\"https:\/\/loisirseauxvives.fr\/en\/\" \/>\n<meta property=\"og:site_name\" content=\"Loisirs Eaux vives Beaugency\" \/>\n<meta property=\"article:modified_time\" content=\"2020-07-17T19:10:35+00:00\" \/>\n<meta property=\"og:image\" content=\"https:\/\/loisirseauxvives.fr\/wp-content\/uploads\/2018\/04\/index.jpg\" \/>\n\t<meta property=\"og:image:width\" content=\"960\" \/>\n\t<meta property=\"og:image:height\" content=\"642\" \/>\n<meta name=\"twitter:card\" content=\"summary_large_image\" \/>\n<script type=\"application\/ld+json\" class=\"yoast-schema-graph\">{\"@context\":\"https:\/\/schema.org\",\"@graph\":[{\"@type\":\"Organization\",\"@id\":\"https:\/\/loisirseauxvives.fr\/#organization\",\"name\":\"Loisirs Eaux Vives Beaugency\",\"url\":\"https:\/\/loisirseauxvives.fr\/\",\"sameAs\":[],\"logo\":{\"@type\":\"ImageObject\",\"@id\":\"https:\/\/loisirseauxvives.fr\/#logo\",\"inLanguage\":\"en-US\",\"url\":\"https:\/\/loisirseauxvives.fr\/wp-content\/uploads\/2018\/04\/logo-2.png\",\"contentUrl\":\"https:\/\/loisirseauxvives.fr\/wp-content\/uploads\/2018\/04\/logo-2.png\",\"width\":147,\"height\":144,\"caption\":\"Loisirs Eaux Vives Beaugency\"},\"image\":{\"@id\":\"https:\/\/loisirseauxvives.fr\/#logo\"}},{\"@type\":\"WebSite\",\"@id\":\"https:\/\/loisirseauxvives.fr\/#website\",\"url\":\"https:\/\/loisirseauxvives.fr\/\",\"name\":\"Loisirs Eaux vives Beaugency\",\"description\":\"Association club sportif et location\",\"publisher\":{\"@id\":\"https:\/\/loisirseauxvives.fr\/#organization\"},\"potentialAction\":[{\"@type\":\"SearchAction\",\"target\":\"https:\/\/loisirseauxvives.fr\/?s={search_term_string}\",\"query-input\":\"required name=search_term_string\"}],\"inLanguage\":\"en-US\"},{\"@type\":\"ImageObject\",\"@id\":\"https:\/\/loisirseauxvives.fr\/en\/#primaryimage\",\"inLanguage\":\"en-US\",\"url\":\"https:\/\/loisirseauxvives.fr\/wp-content\/uploads\/2018\/04\/index.jpg\",\"contentUrl\":\"https:\/\/loisirseauxvives.fr\/wp-content\/uploads\/2018\/04\/index.jpg\",\"width\":960,\"height\":642},{\"@type\":\"WebPage\",\"@id\":\"https:\/\/loisirseauxvives.fr\/en\/#webpage\",\"url\":\"https:\/\/loisirseauxvives.fr\/en\/\",\"name\":\"Club de Cano\\u00eb Kayak and rentals - Loisirs Eaux vives Beaugency\",\"isPartOf\":{\"@id\":\"https:\/\/loisirseauxvives.fr\/#website\"},\"primaryImageOfPage\":{\"@id\":\"https:\/\/loisirseauxvives.fr\/en\/#primaryimage\"},\"datePublished\":\"2018-04-04T14:38:13+00:00\",\"dateModified\":\"2020-07-17T19:10:35+00:00\",\"description\":\"Loisir Eaux Vives Beaugency est un Club de Cano\\u00eb Kayak affili\\u00e9 F\\u00e9d\\u00e9ration fran\\u00e7aise de Cano\\u00eb Kayak et qui propose de la location de Cano\\u00eb et kayak sur la Loire entre Orl\\u00e9ans et Blois \\u00e0 Beaugency\",\"breadcrumb\":{\"@id\":\"https:\/\/loisirseauxvives.fr\/en\/#breadcrumb\"},\"inLanguage\":\"en-US\",\"potentialAction\":[{\"@type\":\"ReadAction\",\"target\":[\"https:\/\/loisirseauxvives.fr\/en\/\"]}]},{\"@type\":\"BreadcrumbList\",\"@id\":\"https:\/\/loisirseauxvives.fr\/en\/#breadcrumb\",\"itemListElement\":[{\"@type\":\"ListItem\",\"position\":1,\"name\":\"Accueil\",\"item\":\"https:\/\/loisirseauxvives.fr\/en\/\"},{\"@type\":\"ListItem\",\"position\":2,\"name\":\"Club de Cano\\u00eb Kayak and rentals\"}]}]}<\/script>\n<!-- \/ Yoast SEO plugin. -->","_links":{"self":[{"href":"https:\/\/loisirseauxvives.fr\/en\/wp-json\/wp\/v2\/pages\/282\/"}],"collection":[{"href":"https:\/\/loisirseauxvives.fr\/en\/wp-json\/wp\/v2\/pages\/"}],"about":[{"href":"https:\/\/loisirseauxvives.fr\/en\/wp-json\/wp\/v2\/types\/page\/"}],"author":[{"embeddable":true,"href":"https:\/\/loisirseauxvives.fr\/en\/wp-json\/wp\/v2\/users\/1\/"}],"replies":[{"embeddable":true,"href":"https:\/\/loisirseauxvives.fr\/en\/wp-json\/wp\/v2\/comments\/?post=282"}],"version-history":[{"count":24,"href":"https:\/\/loisirseauxvives.fr\/en\/wp-json\/wp\/v2\/pages\/282\/revisions\/"}],"predecessor-version":[{"id":603,"href":"https:\/\/loisirseauxvives.fr\/en\/wp-json\/wp\/v2\/pages\/282\/revisions\/603\/"}],"wp:featuredmedia":[{"embeddable":true,"href":"https:\/\/loisirseauxvives.fr\/en\/wp-json\/wp\/v2\/media\/460\/"}],"wp:attachment":[{"href":"https:\/\/loisirseauxvives.fr\/en\/wp-json\/wp\/v2\/media\/?parent=282"}],"curies":[{"name":"wp","href":"https:\/\/api.w.org\/{rel}","templated":true}]}}